{"id":2797,"date":"2020-11-30T12:52:50","date_gmt":"2020-11-30T11:52:50","guid":{"rendered":"https:\/\/old.lalunadelcasale.it\/?post_type=product&#038;p=2797"},"modified":"2023-09-18T18:03:17","modified_gmt":"2023-09-18T16:03:17","slug":"spumante-rose-brut-la-luna-del-casale","status":"publish","type":"product","link":"https:\/\/old.lalunadelcasale.it\/en\/prodotto\/spumante-rose-brut-la-luna-del-casale\/","title":{"rendered":"Ros\u00e9 Brut &#8211; IGP Lazio Spumante Brut Millesimato Ros\u00e9"},"content":{"rendered":"","protected":false},"excerpt":{"rendered":"<p>IGP Lazio Spumante Brut Millesimato Ros\u00e9<\/p>\n<p><span class=\"TextRun SCXP198441217 BCX0\" lang=\"EN-US\" xml:lang=\"EN-US\" data-usefontface=\"true\" data-contrast=\"none\"><span class=\"NormalTextRun SCXP198441217 BCX0\">In Ros\u00e9 Brut sparkling wine the symphony of perfumes <\/span><\/span><span class=\"TextRun SCXP198441217 BCX0\" lang=\"EN-US\" xml:lang=\"EN-US\" data-usefontface=\"true\" data-contrast=\"none\"><span class=\"NormalTextRun SCXP198441217 BCX0\">of a spring day. <\/span><\/span><\/p>\n<p><span class=\"TextRun SCXP198441217 BCX0\" lang=\"EN-US\" xml:lang=\"EN-US\" data-usefontface=\"true\" data-contrast=\"none\"><span class=\"NormalTextRun SCXP198441217 BCX0\">Freshness and finesse blend<\/span><\/span><span class=\"LineBreakBlob BlobObject SCXP198441217 BCX0\"><span class=\"SCXP198441217 BCX0\">\u00a0<\/span><\/span><span class=\"TextRun SCXP198441217 BCX0\" lang=\"EN-US\" xml:lang=\"EN-US\" data-usefontface=\"true\" data-contrast=\"none\"><span class=\"NormalTextRun SCXP198441217 BCX0\">with the remarkable taste structure. It goes well with shellfish and in general with all appetizers based on fish. Excellent as an aperitif.<\/span><\/span><\/p>\n","protected":false},"featured_media":4486,"comment_status":"open","ping_status":"closed","template":"","meta":{"_acf_changed":false},"product_cat":[92,95,96],"product_tag":[147,148,151,152,153,162,163],"giftcard-category":[],"acf":[],"yoast_head":"<!-- This site is optimized with the Yoast SEO plugin v22.5 - https:\/\/yoast.com\/wordpress\/plugins\/seo\/ -->\n<title>Ros\u00e9 Brut - IGP Lazio Spumante Brut Millesimato Ros\u00e9 - La Luna del Casale<\/title>\n<meta name=\"description\" content=\"Nello Spumante Rose&#039; Brut La Luna del Casale la sinfonia dei profumi di un giorno di Primavera. Freschezza e finezza si fondono con la notevole struttura gustativa. Si abbina bene con i crostacei ed in generale con tutti gli antipasti a base di pesce. Ottimo come aperitivo.\" \/>\n<meta name=\"robots\" content=\"noindex, follow, max-snippet:-1, max-image-preview:large, max-video-preview:-1\" \/>\n<meta property=\"og:locale\" content=\"en_US\" \/>\n<meta property=\"og:type\" content=\"article\" \/>\n<meta property=\"og:title\" content=\"[:it]Ros\u00e9 Brut - IGP Lazio Rosato Spumante Brut Millesimato[:en]Ros\u00e9 Brut - IGP Lazio Spumante Brut Millesimato Ros\u00e9[:] - La Luna del Casale\" \/>\n<meta property=\"og:description\" content=\"Nello Spumante Rose&#039; Brut La Luna del Casale la sinfonia dei profumi di un giorno di Primavera. Freschezza e finezza si fondono con la notevole struttura gustativa. Si abbina bene con i crostacei ed in generale con tutti gli antipasti a base di pesce. Ottimo come aperitivo.\" \/>\n<meta property=\"og:url\" content=\"https:\/\/old.lalunadelcasale.it\/prodotto\/spumante-rose-brut-la-luna-del-casale\/\" \/>\n<meta property=\"og:site_name\" content=\"La Luna del Casale\" \/>\n<meta property=\"article:modified_time\" content=\"2023-09-18T16:03:17+00:00\" \/>\n<meta property=\"og:image\" content=\"https:\/\/old.lalunadelcasale.it\/wp-content\/uploads\/2020\/11\/ROSE-BRUT-foto.png\" \/>\n\t<meta property=\"og:image:width\" content=\"1032\" \/>\n\t<meta property=\"og:image:height\" content=\"2823\" \/>\n\t<meta property=\"og:image:type\" content=\"image\/png\" \/>\n<meta name=\"twitter:card\" content=\"summary_large_image\" \/>\n<script type=\"application\/ld+json\" class=\"yoast-schema-graph\">{\"@context\":\"https:\/\/schema.org\",\"@graph\":[{\"@type\":\"WebPage\",\"@id\":\"https:\/\/old.lalunadelcasale.it\/prodotto\/spumante-rose-brut-la-luna-del-casale\/\",\"url\":\"https:\/\/old.lalunadelcasale.it\/prodotto\/spumante-rose-brut-la-luna-del-casale\/\",\"name\":\"[:it]Ros\u00e9 Brut - IGP Lazio Rosato Spumante Brut Millesimato[:en]Ros\u00e9 Brut - IGP Lazio Spumante Brut Millesimato Ros\u00e9[:] - La Luna del Casale\",\"isPartOf\":{\"@id\":\"https:\/\/old.lalunadelcasale.it\/#website\"},\"primaryImageOfPage\":{\"@id\":\"https:\/\/old.lalunadelcasale.it\/prodotto\/spumante-rose-brut-la-luna-del-casale\/#primaryimage\"},\"image\":{\"@id\":\"https:\/\/old.lalunadelcasale.it\/prodotto\/spumante-rose-brut-la-luna-del-casale\/#primaryimage\"},\"thumbnailUrl\":\"https:\/\/old.lalunadelcasale.it\/wp-content\/uploads\/2020\/11\/ROSE-BRUT-foto.png\",\"datePublished\":\"2020-11-30T11:52:50+00:00\",\"dateModified\":\"2023-09-18T16:03:17+00:00\",\"description\":\"Nello Spumante Rose' Brut La Luna del Casale la sinfonia dei profumi di un giorno di Primavera. Freschezza e finezza si fondono con la notevole struttura gustativa. Si abbina bene con i crostacei ed in generale con tutti gli antipasti a base di pesce. Ottimo come aperitivo.\",\"breadcrumb\":{\"@id\":\"https:\/\/old.lalunadelcasale.it\/prodotto\/spumante-rose-brut-la-luna-del-casale\/#breadcrumb\"},\"inLanguage\":\"en-US\",\"potentialAction\":[{\"@type\":\"ReadAction\",\"target\":[\"https:\/\/old.lalunadelcasale.it\/prodotto\/spumante-rose-brut-la-luna-del-casale\/\"]}]},{\"@type\":\"ImageObject\",\"inLanguage\":\"en-US\",\"@id\":\"https:\/\/old.lalunadelcasale.it\/prodotto\/spumante-rose-brut-la-luna-del-casale\/#primaryimage\",\"url\":\"https:\/\/old.lalunadelcasale.it\/wp-content\/uploads\/2020\/11\/ROSE-BRUT-foto.png\",\"contentUrl\":\"https:\/\/old.lalunadelcasale.it\/wp-content\/uploads\/2020\/11\/ROSE-BRUT-foto.png\",\"width\":1032,\"height\":2823},{\"@type\":\"BreadcrumbList\",\"@id\":\"https:\/\/old.lalunadelcasale.it\/prodotto\/spumante-rose-brut-la-luna-del-casale\/#breadcrumb\",\"itemListElement\":[{\"@type\":\"ListItem\",\"position\":1,\"name\":\"Home\",\"item\":\"https:\/\/old.lalunadelcasale.it\/\"},{\"@type\":\"ListItem\",\"position\":2,\"name\":\"Ros\u00e9 Brut &#8211; IGP Lazio Rosato Spumante Brut Millesimato\"}]},{\"@type\":\"WebSite\",\"@id\":\"https:\/\/old.lalunadelcasale.it\/#website\",\"url\":\"https:\/\/old.lalunadelcasale.it\/\",\"name\":\"La Luna del Casale\",\"description\":\"Azienda Agricola Biologica\",\"potentialAction\":[{\"@type\":\"SearchAction\",\"target\":{\"@type\":\"EntryPoint\",\"urlTemplate\":\"https:\/\/old.lalunadelcasale.it\/?s={search_term_string}\"},\"query-input\":\"required name=search_term_string\"}],\"inLanguage\":\"en-US\"}]}<\/script>\n<!-- \/ Yoast SEO plugin. -->","yoast_head_json":{"title":"[:it]Ros\u00e9 Brut - IGP Lazio Rosato Spumante Brut Millesimato[:en]Ros\u00e9 Brut - IGP Lazio Spumante Brut Millesimato Ros\u00e9[:] - La Luna del Casale","description":"Nello Spumante Rose' Brut La Luna del Casale la sinfonia dei profumi di un giorno di Primavera. Freschezza e finezza si fondono con la notevole struttura gustativa. Si abbina bene con i crostacei ed in generale con tutti gli antipasti a base di pesce. Ottimo come aperitivo.","robots":{"index":"noindex","follow":"follow","max-snippet":"max-snippet:-1","max-image-preview":"max-image-preview:large","max-video-preview":"max-video-preview:-1"},"og_locale":"en_US","og_type":"article","og_title":"[:it]Ros\u00e9 Brut - IGP Lazio Rosato Spumante Brut Millesimato[:en]Ros\u00e9 Brut - IGP Lazio Spumante Brut Millesimato Ros\u00e9[:] - La Luna del Casale","og_description":"Nello Spumante Rose' Brut La Luna del Casale la sinfonia dei profumi di un giorno di Primavera. Freschezza e finezza si fondono con la notevole struttura gustativa. Si abbina bene con i crostacei ed in generale con tutti gli antipasti a base di pesce. Ottimo come aperitivo.","og_url":"https:\/\/old.lalunadelcasale.it\/prodotto\/spumante-rose-brut-la-luna-del-casale\/","og_site_name":"La Luna del Casale","article_modified_time":"2023-09-18T16:03:17+00:00","og_image":[{"width":1032,"height":2823,"url":"https:\/\/old.lalunadelcasale.it\/wp-content\/uploads\/2020\/11\/ROSE-BRUT-foto.png","type":"image\/png"}],"twitter_card":"summary_large_image","schema":{"@context":"https:\/\/schema.org","@graph":[{"@type":"WebPage","@id":"https:\/\/old.lalunadelcasale.it\/prodotto\/spumante-rose-brut-la-luna-del-casale\/","url":"https:\/\/old.lalunadelcasale.it\/prodotto\/spumante-rose-brut-la-luna-del-casale\/","name":"[:it]Ros\u00e9 Brut - IGP Lazio Rosato Spumante Brut Millesimato[:en]Ros\u00e9 Brut - IGP Lazio Spumante Brut Millesimato Ros\u00e9[:] - La Luna del Casale","isPartOf":{"@id":"https:\/\/old.lalunadelcasale.it\/#website"},"primaryImageOfPage":{"@id":"https:\/\/old.lalunadelcasale.it\/prodotto\/spumante-rose-brut-la-luna-del-casale\/#primaryimage"},"image":{"@id":"https:\/\/old.lalunadelcasale.it\/prodotto\/spumante-rose-brut-la-luna-del-casale\/#primaryimage"},"thumbnailUrl":"https:\/\/old.lalunadelcasale.it\/wp-content\/uploads\/2020\/11\/ROSE-BRUT-foto.png","datePublished":"2020-11-30T11:52:50+00:00","dateModified":"2023-09-18T16:03:17+00:00","description":"Nello Spumante Rose' Brut La Luna del Casale la sinfonia dei profumi di un giorno di Primavera. Freschezza e finezza si fondono con la notevole struttura gustativa. Si abbina bene con i crostacei ed in generale con tutti gli antipasti a base di pesce. Ottimo come aperitivo.","breadcrumb":{"@id":"https:\/\/old.lalunadelcasale.it\/prodotto\/spumante-rose-brut-la-luna-del-casale\/#breadcrumb"},"inLanguage":"en-US","potentialAction":[{"@type":"ReadAction","target":["https:\/\/old.lalunadelcasale.it\/prodotto\/spumante-rose-brut-la-luna-del-casale\/"]}]},{"@type":"ImageObject","inLanguage":"en-US","@id":"https:\/\/old.lalunadelcasale.it\/prodotto\/spumante-rose-brut-la-luna-del-casale\/#primaryimage","url":"https:\/\/old.lalunadelcasale.it\/wp-content\/uploads\/2020\/11\/ROSE-BRUT-foto.png","contentUrl":"https:\/\/old.lalunadelcasale.it\/wp-content\/uploads\/2020\/11\/ROSE-BRUT-foto.png","width":1032,"height":2823},{"@type":"BreadcrumbList","@id":"https:\/\/old.lalunadelcasale.it\/prodotto\/spumante-rose-brut-la-luna-del-casale\/#breadcrumb","itemListElement":[{"@type":"ListItem","position":1,"name":"Home","item":"https:\/\/old.lalunadelcasale.it\/"},{"@type":"ListItem","position":2,"name":"Ros\u00e9 Brut &#8211; IGP Lazio Rosato Spumante Brut Millesimato"}]},{"@type":"WebSite","@id":"https:\/\/old.lalunadelcasale.it\/#website","url":"https:\/\/old.lalunadelcasale.it\/","name":"La Luna del Casale","description":"Azienda Agricola Biologica","potentialAction":[{"@type":"SearchAction","target":{"@type":"EntryPoint","urlTemplate":"https:\/\/old.lalunadelcasale.it\/?s={search_term_string}"},"query-input":"required name=search_term_string"}],"inLanguage":"en-US"}]}},"_links":{"self":[{"href":"https:\/\/old.lalunadelcasale.it\/en\/wp-json\/wp\/v2\/product\/2797"}],"collection":[{"href":"https:\/\/old.lalunadelcasale.it\/en\/wp-json\/wp\/v2\/product"}],"about":[{"href":"https:\/\/old.lalunadelcasale.it\/en\/wp-json\/wp\/v2\/types\/product"}],"replies":[{"embeddable":true,"href":"https:\/\/old.lalunadelcasale.it\/en\/wp-json\/wp\/v2\/comments?post=2797"}],"wp:featuredmedia":[{"embeddable":true,"href":"https:\/\/old.lalunadelcasale.it\/en\/wp-json\/wp\/v2\/media\/4486"}],"wp:attachment":[{"href":"https:\/\/old.lalunadelcasale.it\/en\/wp-json\/wp\/v2\/media?parent=2797"}],"wp:term":[{"taxonomy":"product_cat","embeddable":true,"href":"https:\/\/old.lalunadelcasale.it\/en\/wp-json\/wp\/v2\/product_cat?post=2797"},{"taxonomy":"product_tag","embeddable":true,"href":"https:\/\/old.lalunadelcasale.it\/en\/wp-json\/wp\/v2\/product_tag?post=2797"},{"taxonomy":"giftcard-category","embeddable":true,"href":"https:\/\/old.lalunadelcasale.it\/en\/wp-json\/wp\/v2\/giftcard-category?post=2797"}],"curies":[{"name":"wp","href":"https:\/\/api.w.org\/{rel}","templated":true}]}}