{"id":2789,"date":"2020-11-30T12:33:20","date_gmt":"2020-11-30T11:33:20","guid":{"rendered":"https:\/\/old.lalunadelcasale.it\/?post_type=product&#038;p=2789"},"modified":"2023-09-11T14:17:34","modified_gmt":"2023-09-11T12:17:34","slug":"sebastian","status":"publish","type":"product","link":"https:\/\/old.lalunadelcasale.it\/en\/prodotto\/sebastian\/","title":{"rendered":"Sebastian &#8211; IGP Lazio Cabernet Sauvignon"},"content":{"rendered":"","protected":false},"excerpt":{"rendered":"<p>IGP Lazio Cabernet Sauvignon<\/p>\n<p><span class=\"TextRun BCX0 SCXP14952811\" lang=\"EN-US\" xml:lang=\"EN-US\" data-usefontface=\"true\" data-contrast=\"none\"><span class=\"NormalTextRun BCX0 SCXP14952811\">Sebastian is like this, pure nature, without compromises or constructions,\u00a0<\/span><\/span><span class=\"TextRun BCX0 SCXP14952811\" lang=\"EN-US\" xml:lang=\"EN-US\" data-usefontface=\"true\" data-contrast=\"none\"><span class=\"NormalTextRun BCX0 SCXP14952811\">able to give new emotions every time you taste it<\/span><\/span><span class=\"TextRun BCX0 SCXP14952811\" lang=\"EN-US\" xml:lang=\"EN-US\" data-usefontface=\"true\" data-contrast=\"none\"><span class=\"NormalTextRun BCX0 SCXP14952811\">.<\/span><\/span><\/p>\n<p>Wine of great elegance, there are hints of red fruit in perfect harmony and balance with the spicy and balsamic notes coming from oak wood. Soft, elegant, savory and mineral. Striking for the remarkable strength and in the same for a tannic freshness without equal. Despite the considerable structure, Sebastian has a great drinkability, a sign of the perfect harmony between variety and our territory.<\/p>\n","protected":false},"featured_media":850,"comment_status":"open","ping_status":"closed","template":"","meta":{"_acf_changed":false},"product_cat":[92,93],"product_tag":[],"giftcard-category":[],"acf":[],"yoast_head":"<!-- This site is optimized with the Yoast SEO plugin v22.5 - https:\/\/yoast.com\/wordpress\/plugins\/seo\/ -->\n<title>Sebastian - IGP Lazio Cabernet Sauvignon - La Luna del Casale<\/title>\n<meta name=\"robots\" content=\"noindex, follow, max-snippet:-1, max-image-preview:large, max-video-preview:-1\" \/>\n<meta property=\"og:locale\" content=\"en_US\" \/>\n<meta property=\"og:type\" content=\"article\" \/>\n<meta property=\"og:title\" content=\"Sebastian - IGP Lazio Cabernet Sauvignon - La Luna del Casale\" \/>\n<meta property=\"og:description\" content=\"[:it]IGP Lazio Cabernet Sauvignon  Sebastian \u00e8 cos\u00ec, natura pura, senza compromessi n\u00e9 costruzioni, in grado di regalare nuovi emozioni ad ogni assaggio.  Vino di grande eleganza, si percepiscono sentori di frutta rossa in perfetta sintonia ed equilibrio con le note speziate e balsamiche provenienti dal legno di rovere. Morbido, elegante, sapido e minerale. Colpisce per la notevole forza e nello stesso per una freschezza tannica senza eguali. A dispetto della considerevole struttura, Sebastian \u00e8 dotato di una grande bevibilit\u00e0, segno della perfetta armonia tra variet\u00e0 ed il nostro territorio.[:en]IGP Lazio Cabernet Sauvignon  Sebastian is like this, pure nature, without compromises or constructions,\u00a0able to give new emotions every time you taste it.  Wine of great elegance, there are hints of red fruit in perfect harmony and balance with the spicy and balsamic notes coming from oak wood. Soft, elegant, savory and mineral. Striking for the remarkable strength and in the same for a tannic freshness without equal. Despite the considerable structure, Sebastian has a great drinkability, a sign of the perfect harmony between variety and our territory.[:]\" \/>\n<meta property=\"og:url\" content=\"https:\/\/old.lalunadelcasale.it\/prodotto\/sebastian\/\" \/>\n<meta property=\"og:site_name\" content=\"La Luna del Casale\" \/>\n<meta property=\"article:modified_time\" content=\"2023-09-11T12:17:34+00:00\" \/>\n<meta property=\"og:image\" content=\"https:\/\/old.lalunadelcasale.it\/wp-content\/uploads\/2016\/07\/sebastian.jpg\" \/>\n\t<meta property=\"og:image:width\" content=\"241\" \/>\n\t<meta property=\"og:image:height\" content=\"768\" \/>\n\t<meta property=\"og:image:type\" content=\"image\/jpeg\" \/>\n<meta name=\"twitter:card\" content=\"summary_large_image\" \/>\n<meta name=\"twitter:label1\" content=\"Est. reading time\" \/>\n\t<meta name=\"twitter:data1\" content=\"1 minute\" \/>\n<script type=\"application\/ld+json\" class=\"yoast-schema-graph\">{\"@context\":\"https:\/\/schema.org\",\"@graph\":[{\"@type\":\"WebPage\",\"@id\":\"https:\/\/old.lalunadelcasale.it\/prodotto\/sebastian\/\",\"url\":\"https:\/\/old.lalunadelcasale.it\/prodotto\/sebastian\/\",\"name\":\"Sebastian - IGP Lazio Cabernet Sauvignon - La Luna del Casale\",\"isPartOf\":{\"@id\":\"https:\/\/old.lalunadelcasale.it\/#website\"},\"primaryImageOfPage\":{\"@id\":\"https:\/\/old.lalunadelcasale.it\/prodotto\/sebastian\/#primaryimage\"},\"image\":{\"@id\":\"https:\/\/old.lalunadelcasale.it\/prodotto\/sebastian\/#primaryimage\"},\"thumbnailUrl\":\"https:\/\/old.lalunadelcasale.it\/wp-content\/uploads\/2016\/07\/sebastian.jpg\",\"datePublished\":\"2020-11-30T11:33:20+00:00\",\"dateModified\":\"2023-09-11T12:17:34+00:00\",\"breadcrumb\":{\"@id\":\"https:\/\/old.lalunadelcasale.it\/prodotto\/sebastian\/#breadcrumb\"},\"inLanguage\":\"en-US\",\"potentialAction\":[{\"@type\":\"ReadAction\",\"target\":[\"https:\/\/old.lalunadelcasale.it\/prodotto\/sebastian\/\"]}]},{\"@type\":\"ImageObject\",\"inLanguage\":\"en-US\",\"@id\":\"https:\/\/old.lalunadelcasale.it\/prodotto\/sebastian\/#primaryimage\",\"url\":\"https:\/\/old.lalunadelcasale.it\/wp-content\/uploads\/2016\/07\/sebastian.jpg\",\"contentUrl\":\"https:\/\/old.lalunadelcasale.it\/wp-content\/uploads\/2016\/07\/sebastian.jpg\",\"width\":241,\"height\":768},{\"@type\":\"BreadcrumbList\",\"@id\":\"https:\/\/old.lalunadelcasale.it\/prodotto\/sebastian\/#breadcrumb\",\"itemListElement\":[{\"@type\":\"ListItem\",\"position\":1,\"name\":\"Home\",\"item\":\"https:\/\/old.lalunadelcasale.it\/\"},{\"@type\":\"ListItem\",\"position\":2,\"name\":\"Sebastian &#8211; IGP Lazio Cabernet Sauvignon\"}]},{\"@type\":\"WebSite\",\"@id\":\"https:\/\/old.lalunadelcasale.it\/#website\",\"url\":\"https:\/\/old.lalunadelcasale.it\/\",\"name\":\"La Luna del Casale\",\"description\":\"Azienda Agricola Biologica\",\"potentialAction\":[{\"@type\":\"SearchAction\",\"target\":{\"@type\":\"EntryPoint\",\"urlTemplate\":\"https:\/\/old.lalunadelcasale.it\/?s={search_term_string}\"},\"query-input\":\"required name=search_term_string\"}],\"inLanguage\":\"en-US\"}]}<\/script>\n<!-- \/ Yoast SEO plugin. -->","yoast_head_json":{"title":"Sebastian - IGP Lazio Cabernet Sauvignon - La Luna del Casale","robots":{"index":"noindex","follow":"follow","max-snippet":"max-snippet:-1","max-image-preview":"max-image-preview:large","max-video-preview":"max-video-preview:-1"},"og_locale":"en_US","og_type":"article","og_title":"Sebastian - IGP Lazio Cabernet Sauvignon - La Luna del Casale","og_description":"[:it]IGP Lazio Cabernet Sauvignon  Sebastian \u00e8 cos\u00ec, natura pura, senza compromessi n\u00e9 costruzioni, in grado di regalare nuovi emozioni ad ogni assaggio.  Vino di grande eleganza, si percepiscono sentori di frutta rossa in perfetta sintonia ed equilibrio con le note speziate e balsamiche provenienti dal legno di rovere. Morbido, elegante, sapido e minerale. Colpisce per la notevole forza e nello stesso per una freschezza tannica senza eguali. A dispetto della considerevole struttura, Sebastian \u00e8 dotato di una grande bevibilit\u00e0, segno della perfetta armonia tra variet\u00e0 ed il nostro territorio.[:en]IGP Lazio Cabernet Sauvignon  Sebastian is like this, pure nature, without compromises or constructions,\u00a0able to give new emotions every time you taste it.  Wine of great elegance, there are hints of red fruit in perfect harmony and balance with the spicy and balsamic notes coming from oak wood. Soft, elegant, savory and mineral. Striking for the remarkable strength and in the same for a tannic freshness without equal. Despite the considerable structure, Sebastian has a great drinkability, a sign of the perfect harmony between variety and our territory.[:]","og_url":"https:\/\/old.lalunadelcasale.it\/prodotto\/sebastian\/","og_site_name":"La Luna del Casale","article_modified_time":"2023-09-11T12:17:34+00:00","og_image":[{"width":241,"height":768,"url":"https:\/\/old.lalunadelcasale.it\/wp-content\/uploads\/2016\/07\/sebastian.jpg","type":"image\/jpeg"}],"twitter_card":"summary_large_image","twitter_misc":{"Est. reading time":"1 minute"},"schema":{"@context":"https:\/\/schema.org","@graph":[{"@type":"WebPage","@id":"https:\/\/old.lalunadelcasale.it\/prodotto\/sebastian\/","url":"https:\/\/old.lalunadelcasale.it\/prodotto\/sebastian\/","name":"Sebastian - IGP Lazio Cabernet Sauvignon - La Luna del Casale","isPartOf":{"@id":"https:\/\/old.lalunadelcasale.it\/#website"},"primaryImageOfPage":{"@id":"https:\/\/old.lalunadelcasale.it\/prodotto\/sebastian\/#primaryimage"},"image":{"@id":"https:\/\/old.lalunadelcasale.it\/prodotto\/sebastian\/#primaryimage"},"thumbnailUrl":"https:\/\/old.lalunadelcasale.it\/wp-content\/uploads\/2016\/07\/sebastian.jpg","datePublished":"2020-11-30T11:33:20+00:00","dateModified":"2023-09-11T12:17:34+00:00","breadcrumb":{"@id":"https:\/\/old.lalunadelcasale.it\/prodotto\/sebastian\/#breadcrumb"},"inLanguage":"en-US","potentialAction":[{"@type":"ReadAction","target":["https:\/\/old.lalunadelcasale.it\/prodotto\/sebastian\/"]}]},{"@type":"ImageObject","inLanguage":"en-US","@id":"https:\/\/old.lalunadelcasale.it\/prodotto\/sebastian\/#primaryimage","url":"https:\/\/old.lalunadelcasale.it\/wp-content\/uploads\/2016\/07\/sebastian.jpg","contentUrl":"https:\/\/old.lalunadelcasale.it\/wp-content\/uploads\/2016\/07\/sebastian.jpg","width":241,"height":768},{"@type":"BreadcrumbList","@id":"https:\/\/old.lalunadelcasale.it\/prodotto\/sebastian\/#breadcrumb","itemListElement":[{"@type":"ListItem","position":1,"name":"Home","item":"https:\/\/old.lalunadelcasale.it\/"},{"@type":"ListItem","position":2,"name":"Sebastian &#8211; IGP Lazio Cabernet Sauvignon"}]},{"@type":"WebSite","@id":"https:\/\/old.lalunadelcasale.it\/#website","url":"https:\/\/old.lalunadelcasale.it\/","name":"La Luna del Casale","description":"Azienda Agricola Biologica","potentialAction":[{"@type":"SearchAction","target":{"@type":"EntryPoint","urlTemplate":"https:\/\/old.lalunadelcasale.it\/?s={search_term_string}"},"query-input":"required name=search_term_string"}],"inLanguage":"en-US"}]}},"_links":{"self":[{"href":"https:\/\/old.lalunadelcasale.it\/en\/wp-json\/wp\/v2\/product\/2789"}],"collection":[{"href":"https:\/\/old.lalunadelcasale.it\/en\/wp-json\/wp\/v2\/product"}],"about":[{"href":"https:\/\/old.lalunadelcasale.it\/en\/wp-json\/wp\/v2\/types\/product"}],"replies":[{"embeddable":true,"href":"https:\/\/old.lalunadelcasale.it\/en\/wp-json\/wp\/v2\/comments?post=2789"}],"wp:featuredmedia":[{"embeddable":true,"href":"https:\/\/old.lalunadelcasale.it\/en\/wp-json\/wp\/v2\/media\/850"}],"wp:attachment":[{"href":"https:\/\/old.lalunadelcasale.it\/en\/wp-json\/wp\/v2\/media?parent=2789"}],"wp:term":[{"taxonomy":"product_cat","embeddable":true,"href":"https:\/\/old.lalunadelcasale.it\/en\/wp-json\/wp\/v2\/product_cat?post=2789"},{"taxonomy":"product_tag","embeddable":true,"href":"https:\/\/old.lalunadelcasale.it\/en\/wp-json\/wp\/v2\/product_tag?post=2789"},{"taxonomy":"giftcard-category","embeddable":true,"href":"https:\/\/old.lalunadelcasale.it\/en\/wp-json\/wp\/v2\/giftcard-category?post=2789"}],"curies":[{"name":"wp","href":"https:\/\/api.w.org\/{rel}","templated":true}]}}